{"id":387,"date":"2023-05-18T15:53:55","date_gmt":"2023-05-18T15:53:55","guid":{"rendered":"https:\/\/divercuinadelaterreta.com\/?page_id=387"},"modified":"2024-09-03T01:09:24","modified_gmt":"2024-09-02T23:09:24","slug":"inicio","status":"publish","type":"page","link":"https:\/\/divercuinadelaterreta.com\/va\/","title":{"rendered":"Inici"},"content":{"rendered":"<section class=\"l-section wpb_row us_custom_a518f36e us_animate_this height_large full_height valign_center with_slider with_shape\"><div class=\"l-section-slider\"><div class=\"w-slider style_none fit_cover\"><div class=\"w-slider-h\"><div class=\"royalSlider\"><div class=\"rsContent\"><a class=\"rsImg\" data-rsw=\"1920\" data-rsh=\"1080\" href=\"https:\/\/divercuinadelaterreta.com\/wp-content\/uploads\/2023\/05\/slide-01.webp\"><span data-alt=\"\"><\/span><\/a><\/div><div class=\"rsContent\"><a class=\"rsImg\" data-rsw=\"1920\" data-rsh=\"1080\" href=\"https:\/\/divercuinadelaterreta.com\/wp-content\/uploads\/2023\/05\/slide-02.webp\"><span data-alt=\"\"><\/span><\/a><\/div><div class=\"rsContent\"><a class=\"rsImg\" data-rsw=\"1920\" data-rsh=\"1080\" href=\"https:\/\/divercuinadelaterreta.com\/wp-content\/uploads\/2023\/05\/slide-04.webp\"><span data-alt=\"\"><\/span><\/a><\/div><\/div><img decoding=\"async\" src=\"https:\/\/divercuinadelaterreta.com\/wp-content\/uploads\/2023\/05\/slide-01.webp\" width=\"1920\" height=\"1080\" alt loading=\"lazy\"><\/div><div class=\"w-slider-json\" onclick='return {&quot;autoScaleSlider&quot;:true,&quot;loop&quot;:true,&quot;fadeInLoadedSlide&quot;:false,&quot;slidesSpacing&quot;:0,&quot;imageScalePadding&quot;:0,&quot;numImagesToPreload&quot;:2,&quot;arrowsNav&quot;:false,&quot;arrowsNavAutoHide&quot;:false,&quot;transitionType&quot;:&quot;fade&quot;,&quot;transitionSpeed&quot;:1000,&quot;block&quot;:{&quot;moveEffect&quot;:&quot;none&quot;,&quot;speed&quot;:300},&quot;thumbs&quot;:{&quot;fitInViewport&quot;:false},&quot;controlNavigation&quot;:&quot;none&quot;,&quot;autoplay&quot;:{&quot;enabled&quot;:true,&quot;pauseOnHover&quot;:false,&quot;delay&quot;:2000},&quot;imageScaleMode&quot;:&quot;fill&quot;,&quot;autoScaleSliderWidth&quot;:1920,&quot;autoScaleSliderHeight&quot;:1080}'><\/div><\/div><\/div><div class=\"l-section-overlay\" style=\"background:rgba(0,0,0,0.35)\"><\/div><div class=\"l-section-shape type_custom pos_bottom\" style=\"height:7vh;\"><img loading=\"lazy\" decoding=\"async\" width=\"2560\" height=\"140\" src=\"https:\/\/divercuinadelaterreta.com\/wp-content\/uploads\/2023\/05\/divider.png\" class=\"attachment-full size-full\" alt=\"\" srcset=\"https:\/\/divercuinadelaterreta.com\/wp-content\/uploads\/2023\/05\/divider.png 2560w, https:\/\/divercuinadelaterreta.com\/wp-content\/uploads\/2023\/05\/divider-300x16.png 300w, https:\/\/divercuinadelaterreta.com\/wp-content\/uploads\/2023\/05\/divider-1024x56.png 1024w\" sizes=\"auto, (max-width: 2560px) 100vw, 2560px\" \/><\/div><div class=\"l-section-h i-cf\"><div class=\"g-cols vc_row via_flex valign_top type_default stacking_default\"><div class=\"vc_col-sm-6 wpb_column vc_column_container\"><div class=\"vc_column-inner\"><div class=\"wpb_wrapper\"><div class=\"wpb_text_column us_custom_dbc14abd has_text_color us_animate_this\"><div class=\"wpb_wrapper\"><h1>Divercuina<br \/>\nde la Terreta<\/h1>\n<\/div><\/div><div class=\"w-separator size_small\"><\/div><div class=\"wpb_text_column us_custom_8b460346 has_text_color us_animate_this\"><div class=\"wpb_wrapper\"><p>Tallers infantils de cuina a Castell\u00f3 a l'aire lliure, fomentant la gastronomia local i explorant sabors<\/p>\n<\/div><\/div><div class=\"w-separator size_small\"><\/div><div class=\"w-btn-wrapper align_none\"><a class=\"w-btn us-btn-style_1 us_custom_44ef4aae us_animate_this icon_atright\" title=\"Enlace a inscripciones\" href=\"http:\/\/divercuinadelaterreta.com\/va\/inscripciones\/\"><span class=\"w-btn-label\">Inscripcions i contacte<\/span><i class=\"fas fa-chevron-right\"><\/i><\/a><\/div><\/div><\/div><\/div><div class=\"vc_col-sm-6 wpb_column vc_column_container\"><div class=\"vc_column-inner\"><div class=\"wpb_wrapper\"><\/div><\/div><\/div><\/div><\/div><\/section><section class=\"l-section wpb_row height_large with_shape\"><div class=\"l-section-shape type_custom pos_bottom\" style=\"height:7vh;color:var(--color-content-secondary)\"><img loading=\"lazy\" decoding=\"async\" width=\"2560\" height=\"140\" src=\"https:\/\/divercuinadelaterreta.com\/wp-content\/uploads\/2023\/05\/divider-alts.png\" class=\"attachment-full size-full\" alt=\"\" srcset=\"https:\/\/divercuinadelaterreta.com\/wp-content\/uploads\/2023\/05\/divider-alts.png 2560w, https:\/\/divercuinadelaterreta.com\/wp-content\/uploads\/2023\/05\/divider-alts-300x16.png 300w, https:\/\/divercuinadelaterreta.com\/wp-content\/uploads\/2023\/05\/divider-alts-1024x56.png 1024w, https:\/\/divercuinadelaterreta.com\/wp-content\/uploads\/2023\/05\/divider-alts-18x1.png 18w\" sizes=\"auto, (max-width: 2560px) 100vw, 2560px\" \/><\/div><div class=\"l-section-h i-cf\"><div class=\"g-cols vc_row via_flex valign_top type_default stacking_default\"><div class=\"vc_col-sm-12 wpb_column vc_column_container\"><div class=\"vc_column-inner\"><div class=\"wpb_wrapper\"><div class=\"w-separator hide_on_default hide_on_laptops size_medium\"><\/div><div class=\"g-cols wpb_row via_flex valign_top type_default stacking_default\"><div class=\"vc_col-sm-6 wpb_column vc_column_container\"><div class=\"vc_column-inner us_custom_4ef5d869 us_animate_this\"><div class=\"wpb_wrapper\"><div class=\"w-separator size_small\"><\/div><div class=\"w-vwrapper align_none valign_middle\" style=\"--vwrapper-gap:1rem\"><div class=\"w-btn-wrapper align_none\"><a class=\"w-btn us-btn-style_3\" href=\"#\"><span class=\"w-btn-label\">Coneix-nos<\/span><\/a><\/div><div class=\"wpb_text_column us_custom_60939a47 has_text_color\"><div class=\"wpb_wrapper\"><h2>Cuina per a xiquets!<\/h2>\n<\/div><\/div><\/div><div class=\"w-separator size_small\"><\/div><div class=\"wpb_text_column\"><div class=\"wpb_wrapper\"><p>Divercuina de la Terreta naix fa 8 anys per a promoure el consum de productes locals i el coneixement de l'etiquetatge dels aliments a trav\u00e9s de tallers.<\/p>\n<p>La iniciativa acosta als mercats municipals i els productes de proximitat als m\u00e9s menuts de la casa, que en cada taller elaboren receptes amb productes frescos, locals i de temporada.<\/p>\n<p>L'objectiu de <a href=\"https:\/\/www.facebook.com\/divercuinadelaterreta\/\" target=\"_blank\" rel=\"noopener\">Divercuina de la Terreta<\/a> \u00e9s educar les noves generacions sobre la import\u00e0ncia de la seva alimentaci\u00f3 i per conscienciar sobre el futur de la salut.<\/p>\n<\/div><\/div><\/div><\/div><\/div><div class=\"vc_col-sm-6 wpb_column vc_column_container\"><div class=\"vc_column-inner us_custom_3e9d1bc9 us_animate_this\"><div class=\"wpb_wrapper\"><div class=\"w-image align_center\"><div class=\"w-image-h\"><img loading=\"lazy\" decoding=\"async\" width=\"550\" height=\"480\" src=\"https:\/\/divercuinadelaterreta.com\/wp-content\/uploads\/2023\/05\/acerca.webp\" class=\"attachment-full size-full\" alt=\"Talleres infantiles de cocina en Castell\u00f3n\" srcset=\"https:\/\/divercuinadelaterreta.com\/wp-content\/uploads\/2023\/05\/acerca.webp 550w, https:\/\/divercuinadelaterreta.com\/wp-content\/uploads\/2023\/05\/acerca-300x262.webp 300w\" sizes=\"auto, (max-width: 550px) 100vw, 550px\" \/><\/div><\/div><\/div><\/div><\/div><\/div><div class=\"w-separator hide_on_default hide_on_laptops size_medium\"><\/div><\/div><\/div><\/div><\/div><\/div><\/section><section class=\"l-section wpb_row height_large with_shape\"><div class=\"l-section-overlay\" style=\"background:var(--color-alt-content-overlay)\"><\/div><div class=\"l-section-shape type_custom pos_bottom\" style=\"height:7vh;\"><img loading=\"lazy\" decoding=\"async\" width=\"2560\" height=\"140\" src=\"https:\/\/divercuinadelaterreta.com\/wp-content\/uploads\/2023\/05\/divider.png\" class=\"attachment-full size-full\" alt=\"\" srcset=\"https:\/\/divercuinadelaterreta.com\/wp-content\/uploads\/2023\/05\/divider.png 2560w, https:\/\/divercuinadelaterreta.com\/wp-content\/uploads\/2023\/05\/divider-300x16.png 300w, https:\/\/divercuinadelaterreta.com\/wp-content\/uploads\/2023\/05\/divider-1024x56.png 1024w\" sizes=\"auto, (max-width: 2560px) 100vw, 2560px\" \/><\/div><div class=\"l-section-h i-cf\"><div class=\"g-cols vc_row via_flex valign_top type_default stacking_default\"><div class=\"vc_col-sm-12 wpb_column vc_column_container\"><div class=\"vc_column-inner\"><div class=\"wpb_wrapper\"><div class=\"w-separator hide_on_default hide_on_laptops size_medium\"><\/div><div class=\"g-cols wpb_row via_flex valign_top type_default stacking_default\"><div class=\"vc_col-sm-4 wpb_column vc_column_container\"><div class=\"vc_column-inner us_custom_1fb8b2dc us_animate_this\"><div class=\"wpb_wrapper\"><div class=\"w-vwrapper us_custom_cfc76b83 align_center valign_middle\" style=\"--vwrapper-gap:1rem\"><div class=\"w-iconbox iconpos_top style_default color_primary align_center icontype_img\"><div class=\"w-iconbox-icon\" style=\"font-size:70px;\"><img loading=\"lazy\" decoding=\"async\" width=\"128\" height=\"128\" src=\"https:\/\/divercuinadelaterreta.com\/wp-content\/uploads\/2023\/05\/escoleta.png\" class=\"attachment-full size-full\" alt=\"Talleres infantiles de cocina en Castell\u00f3n\" \/><\/div><div class=\"w-iconbox-meta\"><h4 class=\"w-iconbox-title\">Escoleta divercuina<\/h4><div class=\"w-iconbox-text\"><p>Actividades extraescolares con duraci\u00f3n de 1 hora.<\/p>\n<\/div><\/div><\/div><div class=\"w-btn-wrapper align_none\"><a class=\"w-btn us-btn-style_1 icon_atright\" title=\"Enlace a Escoleta divercuina\" href=\"http:\/\/divercuinadelaterreta.com\/va\/escoleta-divercuina\/\"><span class=\"w-btn-label\">M\u00e9s informaci\u00f3<\/span><i class=\"fas fa-chevron-right\"><\/i><\/a><\/div><\/div><\/div><\/div><\/div><div class=\"vc_col-sm-4 wpb_column vc_column_container\"><div class=\"vc_column-inner us_custom_47d40b1d us_animate_this\"><div class=\"wpb_wrapper\"><div class=\"w-vwrapper us_custom_cfc76b83 align_center valign_middle\" style=\"--vwrapper-gap:1rem\"><div class=\"w-iconbox iconpos_top style_default color_primary align_center icontype_img\"><div class=\"w-iconbox-icon\" style=\"font-size:70px;\"><img loading=\"lazy\" decoding=\"async\" width=\"128\" height=\"128\" src=\"https:\/\/divercuinadelaterreta.com\/wp-content\/uploads\/2023\/05\/talleres.png\" class=\"attachment-full size-full\" alt=\"Talleres infantiles de cocina en Castell\u00f3n\" \/><\/div><div class=\"w-iconbox-meta\"><h4 class=\"w-iconbox-title\">Cuina en fam\u00edlia<\/h4><div class=\"w-iconbox-text\"><p>Aquests tallers es poden realitzar en qualsevol lloc<\/p>\n<\/div><\/div><\/div><div class=\"w-btn-wrapper align_none\"><a class=\"w-btn us-btn-style_1 icon_atright\" title=\"Enlace a Talleres para familias\" href=\"http:\/\/divercuinadelaterreta.com\/va\/talleres-para-familias\/\"><span class=\"w-btn-label\">M\u00e9s informaci\u00f3<\/span><i class=\"fas fa-chevron-right\"><\/i><\/a><\/div><\/div><\/div><\/div><\/div><div class=\"vc_col-sm-4 wpb_column vc_column_container\"><div class=\"vc_column-inner us_custom_15a2201b us_animate_this\"><div class=\"wpb_wrapper\"><div class=\"w-vwrapper us_custom_cfc76b83 align_center valign_middle\" style=\"--vwrapper-gap:1rem\"><div class=\"w-iconbox iconpos_top style_default color_primary align_center icontype_img\"><div class=\"w-iconbox-icon\" style=\"font-size:70px;\"><img loading=\"lazy\" decoding=\"async\" width=\"128\" height=\"128\" src=\"https:\/\/divercuinadelaterreta.com\/wp-content\/uploads\/2023\/05\/inscripciones.png\" class=\"attachment-full size-full\" alt=\"Talleres infantiles de cocina en Castell\u00f3n\" \/><\/div><div class=\"w-iconbox-meta\"><h4 class=\"w-iconbox-title\">Inscripcions i contacte<\/h4><div class=\"w-iconbox-text\"><p>Si desitges participar, utilitza el seg\u00fcent formulari<\/p>\n<\/div><\/div><\/div><div class=\"w-btn-wrapper align_none\"><a class=\"w-btn us-btn-style_1 icon_atright\" title=\"Enlace a Inscripciones\" href=\"http:\/\/divercuinadelaterreta.com\/va\/inscripciones\/\"><span class=\"w-btn-label\">M\u00e9s informaci\u00f3<\/span><i class=\"fas fa-chevron-right\"><\/i><\/a><\/div><\/div><\/div><\/div><\/div><\/div><div class=\"w-separator hide_on_default hide_on_laptops size_medium\"><\/div><\/div><\/div><\/div><\/div><\/div><\/section><section class=\"l-section wpb_row height_large\"><div class=\"l-section-h i-cf\"><div class=\"g-cols vc_row via_flex valign_top type_default stacking_default\"><div class=\"vc_col-sm-12 wpb_column vc_column_container\"><div class=\"vc_column-inner\"><div class=\"wpb_wrapper\"><div class=\"w-separator hide_on_default hide_on_laptops size_medium\"><\/div><div class=\"g-cols wpb_row via_flex valign_top type_default stacking_default\"><div class=\"vc_col-sm-4 wpb_column vc_column_container\"><div class=\"vc_column-inner us_custom_4ef5d869 us_animate_this\"><div class=\"wpb_wrapper\"><div class=\"w-separator size_small\"><\/div><div class=\"w-vwrapper align_none valign_middle\" style=\"--vwrapper-gap:1rem\"><div class=\"w-btn-wrapper align_none\"><a class=\"w-btn us-btn-style_3\" href=\"#\"><span class=\"w-btn-label\">Contacte<\/span><\/a><\/div><div class=\"wpb_text_column us_custom_60939a47 has_text_color\"><div class=\"wpb_wrapper\"><p>Tens dubtes?<\/p>\n<\/div><\/div><\/div><div class=\"w-separator size_small\"><\/div><div class=\"wpb_text_column\"><div class=\"wpb_wrapper\"><p>Pots escriure'ns per mitj\u00e0 del seg\u00fcent formulari o al nostre correu. Si vols <a href=\"https:\/\/divercuinadelaterreta.com\/va\/inscripciones\/\">inscriure't<\/a> als tallers infantils de cuina a Castell\u00f3, feu clic.<\/p>\n<\/div><\/div><div class=\"w-separator size_small\"><\/div><div class=\"w-iconbox iconpos_left style_circle color_primary align_left no_text\"><a href=\"mailto:divercuinadelaterreta@gmail.com\" class=\"w-iconbox-link\" aria-label=\"divercuinadelaterreta@gmail.com\"><div class=\"w-iconbox-icon\" style=\"font-size:1.2rem;\"><i class=\"fal fa-envelope\"><\/i><\/div><\/a><div class=\"w-iconbox-meta\"><a href=\"mailto:divercuinadelaterreta@gmail.com\" class=\"w-iconbox-link\" aria-label=\"divercuinadelaterreta@gmail.com\"><p class=\"w-iconbox-title\">divercuinadelaterreta@gmail.com<\/p><\/a><\/div><\/div><div class=\"w-separator size_small\"><\/div><div class=\"w-iconbox iconpos_left style_circle color_primary align_left no_text\"><a title=\"Inscripcions\" href=\"http:\/\/divercuinadelaterreta.com\/va\/inscripciones\/\" class=\"w-iconbox-link\" aria-label=\"Per a inscriure&#039;t, fes clic aqu\u00ed.\"><div class=\"w-iconbox-icon\" style=\"font-size:1.2rem;\"><i class=\"fal fa-pen\"><\/i><\/div><\/a><div class=\"w-iconbox-meta\"><a title=\"Inscripcions\" href=\"http:\/\/divercuinadelaterreta.com\/va\/inscripciones\/\" class=\"w-iconbox-link\" aria-label=\"Per a inscriure&#039;t, fes clic aqu\u00ed.\"><p class=\"w-iconbox-title\">Per a inscriure't, fes clic aqu\u00ed.<\/p><\/a><\/div><\/div><\/div><\/div><\/div><div class=\"vc_col-sm-8 wpb_column vc_column_container\"><div class=\"vc_column-inner us_custom_3e9d1bc9 us_animate_this\"><div class=\"wpb_wrapper\"><div class=\"w-html\"><iframe src=\"https:\/\/www.google.com\/maps\/embed?pb=!1m18!1m12!1m3!1d1520.5236581015972!2d-1.1073839648487867!3d40.34129636022875!2m3!1f0!2f0!3f0!3m2!1i1024!2i768!4f13.1!3m3!1m2!1s0xd5e73062f9e3e03%3A0xe1ac12a2b20a5161!2sC.%20San%20Andr%C3%A9s%2C%207%2C%2044001%20Teruel%2C%20Espa%C3%B1a!5e0!3m2!1ses-419!2smx!4v1725318497516!5m2!1ses-419!2smx\" width=\"100%\" height=\"400\" style=\"border:0;\" allowfullscreen=\"\" loading=\"lazy\" referrerpolicy=\"no-referrer-when-downgrade\"><\/iframe><\/div><\/div><\/div><\/div><\/div><div class=\"w-separator hide_on_default hide_on_laptops size_medium\"><\/div><\/div><\/div><\/div><\/div><\/div><\/section>","protected":false},"excerpt":{"rendered":"Divercuina de la Terreta Talleres infantiles de cocina en Castell\u00f3n al aire libre, fomentando la gastronom\u00eda local y explorando sabores Inscripciones y contactoCon\u00f3cenos\u00a1Cocina para ni\u00f1os! Divercuina de la Terreta nace hace 8 a\u00f1os para promover el consumo de productos locales y el conocimiento del etiquetado de los alimentos a trav\u00e9s de talleres. La iniciativa acerca...","protected":false},"author":4,"featured_media":502,"parent":0,"menu_order":0,"comment_status":"closed","ping_status":"closed","template":"","meta":{"footnotes":""},"class_list":["post-387","page","type-page","status-publish","has-post-thumbnail","hentry"],"yoast_head":"<!-- This site is optimized with the Yoast SEO plugin v21.1 - https:\/\/yoast.com\/wordpress\/plugins\/seo\/ -->\n<title>Divercuina de la Terreta | Talleres infantiles de cocina en Castell\u00f3n<\/title>\n<meta name=\"description\" content=\"En Divercuina ofrecemos talleres infantiles de cocina en Castell\u00f3n al aire libre, fomentando la gastronom\u00eda local.\" \/>\n<meta name=\"robots\" content=\"index, follow, max-snippet:-1, max-image-preview:large, max-video-preview:-1\" \/>\n<link rel=\"canonical\" href=\"https:\/\/divercuinadelaterreta.com\/va\/\" \/>\n<meta property=\"og:locale\" content=\"en_US\" \/>\n<meta property=\"og:type\" content=\"article\" \/>\n<meta property=\"og:title\" content=\"Divercuina de la Terreta | Talleres infantiles de cocina en Castell\u00f3n\" \/>\n<meta property=\"og:description\" content=\"En Divercuina ofrecemos talleres infantiles de cocina en Castell\u00f3n al aire libre, fomentando la gastronom\u00eda local.\" \/>\n<meta property=\"og:url\" content=\"https:\/\/divercuinadelaterreta.com\/va\/\" \/>\n<meta property=\"og:site_name\" content=\"Divercuina de la Terreta\" \/>\n<meta property=\"article:publisher\" content=\"https:\/\/www.facebook.com\/divercuinadelaterreta\/\" \/>\n<meta property=\"article:modified_time\" content=\"2024-09-02T23:09:24+00:00\" \/>\n<meta property=\"og:image\" content=\"https:\/\/divercuinadelaterreta.com\/wp-content\/uploads\/2023\/05\/Divercuina-De-La-Terreta.jpg\" \/>\n\t<meta property=\"og:image:width\" content=\"1200\" \/>\n\t<meta property=\"og:image:height\" content=\"1000\" \/>\n\t<meta property=\"og:image:type\" content=\"image\/jpeg\" \/>\n<meta name=\"twitter:card\" content=\"summary_large_image\" \/>\n<meta name=\"twitter:label1\" content=\"Est. reading time\" \/>\n\t<meta name=\"twitter:data1\" content=\"2 minutes\" \/>\n<script type=\"application\/ld+json\" class=\"yoast-schema-graph\">{\"@context\":\"https:\/\/schema.org\",\"@graph\":[{\"@type\":\"WebPage\",\"@id\":\"https:\/\/divercuinadelaterreta.com\/\",\"url\":\"https:\/\/divercuinadelaterreta.com\/\",\"name\":\"Divercuina de la Terreta | Talleres infantiles de cocina en Castell\u00f3n\",\"isPartOf\":{\"@id\":\"https:\/\/divercuinadelaterreta.com\/#website\"},\"datePublished\":\"2023-05-18T15:53:55+00:00\",\"dateModified\":\"2024-09-02T23:09:24+00:00\",\"description\":\"En Divercuina ofrecemos talleres infantiles de cocina en Castell\u00f3n al aire libre, fomentando la gastronom\u00eda local.\",\"breadcrumb\":{\"@id\":\"https:\/\/divercuinadelaterreta.com\/#breadcrumb\"},\"inLanguage\":\"va\",\"potentialAction\":[{\"@type\":\"ReadAction\",\"target\":[\"https:\/\/divercuinadelaterreta.com\/\"]}]},{\"@type\":\"BreadcrumbList\",\"@id\":\"https:\/\/divercuinadelaterreta.com\/#breadcrumb\",\"itemListElement\":[{\"@type\":\"ListItem\",\"position\":1,\"name\":\"Portada\",\"item\":\"https:\/\/divercuinadelaterreta.com\/\"},{\"@type\":\"ListItem\",\"position\":2,\"name\":\"Inicio\"}]},{\"@type\":\"WebSite\",\"@id\":\"https:\/\/divercuinadelaterreta.com\/#website\",\"url\":\"https:\/\/divercuinadelaterreta.com\/\",\"name\":\"Divercuina de la Terreta\",\"description\":\"Divercuina de la Terreta\",\"publisher\":{\"@id\":\"https:\/\/divercuinadelaterreta.com\/#organization\"},\"potentialAction\":[{\"@type\":\"SearchAction\",\"target\":{\"@type\":\"EntryPoint\",\"urlTemplate\":\"https:\/\/divercuinadelaterreta.com\/?s={search_term_string}\"},\"query-input\":\"required name=search_term_string\"}],\"inLanguage\":\"va\"},{\"@type\":\"Organization\",\"@id\":\"https:\/\/divercuinadelaterreta.com\/#organization\",\"name\":\"Divercuina de la Terreta\",\"url\":\"https:\/\/divercuinadelaterreta.com\/\",\"logo\":{\"@type\":\"ImageObject\",\"inLanguage\":\"va\",\"@id\":\"https:\/\/divercuinadelaterreta.com\/#\/schema\/logo\/image\/\",\"url\":\"https:\/\/divercuinadelaterreta.com\/wp-content\/uploads\/2023\/05\/DivercuinaDeLaTerreta.jpg\",\"contentUrl\":\"https:\/\/divercuinadelaterreta.com\/wp-content\/uploads\/2023\/05\/DivercuinaDeLaTerreta.jpg\",\"width\":1200,\"height\":1200,\"caption\":\"Divercuina de la Terreta\"},\"image\":{\"@id\":\"https:\/\/divercuinadelaterreta.com\/#\/schema\/logo\/image\/\"},\"sameAs\":[\"https:\/\/www.facebook.com\/divercuinadelaterreta\/\"]}]}<\/script>\n<!-- \/ Yoast SEO plugin. -->","yoast_head_json":{"title":"Divercuina de la Terreta | Talleres infantiles de cocina en Castell\u00f3n","description":"En Divercuina ofrecemos talleres infantiles de cocina en Castell\u00f3n al aire libre, fomentando la gastronom\u00eda local.","robots":{"index":"index","follow":"follow","max-snippet":"max-snippet:-1","max-image-preview":"max-image-preview:large","max-video-preview":"max-video-preview:-1"},"canonical":"https:\/\/divercuinadelaterreta.com\/va\/","og_locale":"en_US","og_type":"article","og_title":"Divercuina de la Terreta | Talleres infantiles de cocina en Castell\u00f3n","og_description":"En Divercuina ofrecemos talleres infantiles de cocina en Castell\u00f3n al aire libre, fomentando la gastronom\u00eda local.","og_url":"https:\/\/divercuinadelaterreta.com\/va\/","og_site_name":"Divercuina de la Terreta","article_publisher":"https:\/\/www.facebook.com\/divercuinadelaterreta\/","article_modified_time":"2024-09-02T23:09:24+00:00","og_image":[{"width":1200,"height":1000,"url":"https:\/\/divercuinadelaterreta.com\/wp-content\/uploads\/2023\/05\/Divercuina-De-La-Terreta.jpg","type":"image\/jpeg"}],"twitter_card":"summary_large_image","twitter_misc":{"Est. reading time":"2 minutes"},"schema":{"@context":"https:\/\/schema.org","@graph":[{"@type":"WebPage","@id":"https:\/\/divercuinadelaterreta.com\/","url":"https:\/\/divercuinadelaterreta.com\/","name":"Divercuina de la Terreta | Talleres infantiles de cocina en Castell\u00f3n","isPartOf":{"@id":"https:\/\/divercuinadelaterreta.com\/#website"},"datePublished":"2023-05-18T15:53:55+00:00","dateModified":"2024-09-02T23:09:24+00:00","description":"En Divercuina ofrecemos talleres infantiles de cocina en Castell\u00f3n al aire libre, fomentando la gastronom\u00eda local.","breadcrumb":{"@id":"https:\/\/divercuinadelaterreta.com\/#breadcrumb"},"inLanguage":"va","potentialAction":[{"@type":"ReadAction","target":["https:\/\/divercuinadelaterreta.com\/"]}]},{"@type":"BreadcrumbList","@id":"https:\/\/divercuinadelaterreta.com\/#breadcrumb","itemListElement":[{"@type":"ListItem","position":1,"name":"Portada","item":"https:\/\/divercuinadelaterreta.com\/"},{"@type":"ListItem","position":2,"name":"Inicio"}]},{"@type":"WebSite","@id":"https:\/\/divercuinadelaterreta.com\/#website","url":"https:\/\/divercuinadelaterreta.com\/","name":"Divercuina de la Terreta","description":"Divercuina de la Terreta","publisher":{"@id":"https:\/\/divercuinadelaterreta.com\/#organization"},"potentialAction":[{"@type":"SearchAction","target":{"@type":"EntryPoint","urlTemplate":"https:\/\/divercuinadelaterreta.com\/?s={search_term_string}"},"query-input":"required name=search_term_string"}],"inLanguage":"va"},{"@type":"Organization","@id":"https:\/\/divercuinadelaterreta.com\/#organization","name":"Divercuina de la Terreta","url":"https:\/\/divercuinadelaterreta.com\/","logo":{"@type":"ImageObject","inLanguage":"va","@id":"https:\/\/divercuinadelaterreta.com\/#\/schema\/logo\/image\/","url":"https:\/\/divercuinadelaterreta.com\/wp-content\/uploads\/2023\/05\/DivercuinaDeLaTerreta.jpg","contentUrl":"https:\/\/divercuinadelaterreta.com\/wp-content\/uploads\/2023\/05\/DivercuinaDeLaTerreta.jpg","width":1200,"height":1200,"caption":"Divercuina de la Terreta"},"image":{"@id":"https:\/\/divercuinadelaterreta.com\/#\/schema\/logo\/image\/"},"sameAs":["https:\/\/www.facebook.com\/divercuinadelaterreta\/"]}]}},"_links":{"self":[{"href":"https:\/\/divercuinadelaterreta.com\/va\/wp-json\/wp\/v2\/pages\/387","targetHints":{"allow":["GET"]}}],"collection":[{"href":"https:\/\/divercuinadelaterreta.com\/va\/wp-json\/wp\/v2\/pages"}],"about":[{"href":"https:\/\/divercuinadelaterreta.com\/va\/wp-json\/wp\/v2\/types\/page"}],"author":[{"embeddable":true,"href":"https:\/\/divercuinadelaterreta.com\/va\/wp-json\/wp\/v2\/users\/4"}],"replies":[{"embeddable":true,"href":"https:\/\/divercuinadelaterreta.com\/va\/wp-json\/wp\/v2\/comments?post=387"}],"version-history":[{"count":46,"href":"https:\/\/divercuinadelaterreta.com\/va\/wp-json\/wp\/v2\/pages\/387\/revisions"}],"predecessor-version":[{"id":548,"href":"https:\/\/divercuinadelaterreta.com\/va\/wp-json\/wp\/v2\/pages\/387\/revisions\/548"}],"wp:featuredmedia":[{"embeddable":true,"href":"https:\/\/divercuinadelaterreta.com\/va\/wp-json\/wp\/v2\/media\/502"}],"wp:attachment":[{"href":"https:\/\/divercuinadelaterreta.com\/va\/wp-json\/wp\/v2\/media?parent=387"}],"curies":[{"name":"wp","href":"https:\/\/api.w.org\/{rel}","templated":true}]}}