{"id":414,"date":"2023-05-18T18:01:04","date_gmt":"2023-05-18T18:01:04","guid":{"rendered":"https:\/\/divercuinadelaterreta.com\/?page_id=414"},"modified":"2023-09-04T18:12:25","modified_gmt":"2023-09-04T16:12:25","slug":"escoleta-divercuina","status":"publish","type":"page","link":"https:\/\/divercuinadelaterreta.com\/va\/escoleta-divercuina\/","title":{"rendered":"Escoleta divercuina"},"content":{"rendered":"<section class=\"l-section wpb_row us_custom_a518f36e us_animate_this height_large with_img parallax_ver with_shape\"><div class=\"l-section-img\" data-img-width=\"2048\" data-img-height=\"1448\" style=\"background-image: url(https:\/\/divercuinadelaterreta.com\/wp-content\/uploads\/2023\/05\/cover-01.webp);background-repeat: no-repeat;\"><\/div><div class=\"l-section-overlay\" style=\"background:rgba(0,0,0,0.35)\"><\/div><div class=\"l-section-shape type_custom pos_bottom\" style=\"height:7vh;\"><img loading=\"lazy\" decoding=\"async\" width=\"2560\" height=\"140\" src=\"https:\/\/divercuinadelaterreta.com\/wp-content\/uploads\/2023\/05\/divider.png\" class=\"attachment-full size-full\" alt=\"\" srcset=\"https:\/\/divercuinadelaterreta.com\/wp-content\/uploads\/2023\/05\/divider.png 2560w, https:\/\/divercuinadelaterreta.com\/wp-content\/uploads\/2023\/05\/divider-300x16.png 300w, https:\/\/divercuinadelaterreta.com\/wp-content\/uploads\/2023\/05\/divider-1024x56.png 1024w\" sizes=\"auto, (max-width: 2560px) 100vw, 2560px\" \/><\/div><div class=\"l-section-h i-cf\"><div class=\"g-cols vc_row via_flex valign_top type_default stacking_default\"><div class=\"vc_col-sm-12 wpb_column vc_column_container\"><div class=\"vc_column-inner\"><div class=\"wpb_wrapper\"><div class=\"w-separator hide_on_default hide_on_laptops size_medium\"><\/div><h2 class=\"w-post-elm post_title us_custom_26e31814 has_text_color us_animate_this align_center entry-title color_link_inherit\">Escoleta divercuina<\/h2><ol class=\"g-breadcrumbs us_custom_77053da8 has_text_color us_animate_this separator_icon align_center\" itemscope itemtype=\"http:\/\/schema.org\/BreadcrumbList\"><li class=\"g-breadcrumbs-item\" itemscope itemprop=\"itemListElement\" itemtype=\"http:\/\/schema.org\/ListItem\"><a itemprop=\"item\" href=\"https:\/\/divercuinadelaterreta.com\/va\/\"><span itemprop=\"name\">Home<\/span><\/a><meta itemprop=\"position\" content=\"1\"\/><\/li><li class=\"g-breadcrumbs-separator\"><i class=\"far fa-angle-right\"><\/i><\/li><li class=\"g-breadcrumbs-item\">Pages<\/li><\/ol><div class=\"w-separator hide_on_default hide_on_laptops size_medium\"><\/div><\/div><\/div><\/div><\/div><\/div><\/section><section class=\"l-section wpb_row height_large\"><div class=\"l-section-h i-cf\"><div class=\"g-cols vc_row via_flex valign_top type_default stacking_default\"><div class=\"vc_col-sm-12 wpb_column vc_column_container\"><div class=\"vc_column-inner\"><div class=\"wpb_wrapper\"><div class=\"w-separator hide_on_default hide_on_laptops size_medium\"><\/div><div class=\"g-cols wpb_row via_flex valign_top type_default stacking_default\"><div class=\"vc_col-sm-6 wpb_column vc_column_container\"><div class=\"vc_column-inner us_custom_4ef5d869 us_animate_this\"><div class=\"wpb_wrapper\"><div class=\"w-separator size_custom\" style=\"height:5px\"><\/div><div class=\"w-vwrapper align_none valign_middle\" style=\"--vwrapper-gap:1rem\"><div class=\"w-btn-wrapper align_none\"><a class=\"w-btn us-btn-style_3\" href=\"#\"><span class=\"w-btn-label\">Sobre<\/span><\/a><\/div><div class=\"wpb_text_column us_custom_60939a47 has_text_color\"><div class=\"wpb_wrapper\"><p>Qu\u00e8 \u00e9s l'escoleta?<\/p>\n<\/div><\/div><\/div><div class=\"w-separator size_small\"><\/div><div class=\"wpb_text_column\"><div class=\"wpb_wrapper\"><p>La Escoleta Divercuina son actividades extraescolares de una duraci\u00f3n de 1 hora. Su localizaci\u00f3n es fija y se realiza en la Avenida Casalduch 21. \u00a1Ap\u00fantate!<\/p>\n<\/div><\/div><div class=\"w-separator size_medium\"><\/div><div class=\"w-iconbox iconpos_left style_default color_primary align_left\"><div class=\"w-iconbox-icon\" style=\"font-size:2rem;\"><i class=\"fal fa-hat-chef\"><\/i><\/div><div class=\"w-iconbox-meta\"><h5 class=\"w-iconbox-title\">Extraescolars<\/h5><div class=\"w-iconbox-text\"><p>Com una activitat extraescolar amb una jornada fixa. Per una hora a la setmana, gaudeix de la cuina!<\/p>\n<\/div><\/div><\/div><div class=\"w-separator size_small\"><\/div><div class=\"w-iconbox iconpos_left style_default color_primary align_left\"><div class=\"w-iconbox-icon\" style=\"font-size:2rem;\"><i class=\"fal fa-hat-chef\"><\/i><\/div><div class=\"w-iconbox-meta\"><h5 class=\"w-iconbox-title\">Esdeveniments particulars<\/h5><div class=\"w-iconbox-text\"><p>Els caps de setmana fora de l'escoleta, organitza una festa amb monitor, ja siga per a un aniversari o per a passar un dia diferent amb Divercuina de la Terreta.<\/p>\n<\/div><\/div><\/div><\/div><\/div><\/div><div class=\"vc_col-sm-6 wpb_column vc_column_container\"><div class=\"vc_column-inner us_custom_3e9d1bc9 us_animate_this type_sticky\"><div class=\"wpb_wrapper\"><div class=\"w-image align_center\"><div class=\"w-image-h\"><img loading=\"lazy\" decoding=\"async\" width=\"550\" height=\"480\" src=\"https:\/\/divercuinadelaterreta.com\/wp-content\/uploads\/2023\/05\/escoleta.webp\" class=\"attachment-full size-full\" alt=\"\" srcset=\"https:\/\/divercuinadelaterreta.com\/wp-content\/uploads\/2023\/05\/escoleta.webp 550w, https:\/\/divercuinadelaterreta.com\/wp-content\/uploads\/2023\/05\/escoleta-300x262.webp 300w\" sizes=\"auto, (max-width: 550px) 100vw, 550px\" \/><\/div><\/div><\/div><\/div><\/div><\/div><div class=\"w-separator hide_on_default hide_on_laptops size_medium\"><\/div><\/div><\/div><\/div><\/div><\/div><\/section>","protected":false},"excerpt":{"rendered":"Escoleta divercuinaHomePagesAcerca\u00bfQu\u00e9 es la escoleta? La Escoleta Divercuina son actividades extraescolares de una duraci\u00f3n de 1 hora. Su localizaci\u00f3n es fija y se realiza en la Avenida Casalduch 21. \u00a1Ap\u00fantate! ExtraescolaresComo una actividad extraescolar con una jornada fija. Por una hora a la semana, \u00a1disfruta de la cocina! Eventos particularesLos fines de semana fuera de...","protected":false},"author":4,"featured_media":502,"parent":0,"menu_order":0,"comment_status":"closed","ping_status":"closed","template":"","meta":{"footnotes":""},"class_list":["post-414","page","type-page","status-publish","has-post-thumbnail","hentry"],"yoast_head":"<!-- This site is optimized with the Yoast SEO plugin v21.1 - https:\/\/yoast.com\/wordpress\/plugins\/seo\/ -->\n<title>Divercuina de la Terreta | Escoleta divercuina<\/title>\n<meta name=\"robots\" content=\"index, follow, max-snippet:-1, max-image-preview:large, max-video-preview:-1\" \/>\n<link rel=\"canonical\" href=\"https:\/\/divercuinadelaterreta.com\/va\/escoleta-divercuina\/\" \/>\n<meta property=\"og:locale\" content=\"en_US\" \/>\n<meta property=\"og:type\" content=\"article\" \/>\n<meta property=\"og:title\" content=\"Divercuina de la Terreta | Escoleta divercuina\" \/>\n<meta property=\"og:url\" content=\"https:\/\/divercuinadelaterreta.com\/va\/escoleta-divercuina\/\" \/>\n<meta property=\"og:site_name\" content=\"Divercuina de la Terreta\" \/>\n<meta property=\"article:publisher\" content=\"https:\/\/www.facebook.com\/divercuinadelaterreta\/\" \/>\n<meta property=\"article:modified_time\" content=\"2023-09-04T16:12:25+00:00\" \/>\n<meta property=\"og:image\" content=\"https:\/\/divercuinadelaterreta.com\/wp-content\/uploads\/2023\/05\/Divercuina-De-La-Terreta.jpg\" \/>\n\t<meta property=\"og:image:width\" content=\"1200\" \/>\n\t<meta property=\"og:image:height\" content=\"1000\" \/>\n\t<meta property=\"og:image:type\" content=\"image\/jpeg\" \/>\n<meta name=\"twitter:card\" content=\"summary_large_image\" \/>\n<meta name=\"twitter:label1\" content=\"Est. reading time\" \/>\n\t<meta name=\"twitter:data1\" content=\"1 minute\" \/>\n<script type=\"application\/ld+json\" class=\"yoast-schema-graph\">{\"@context\":\"https:\/\/schema.org\",\"@graph\":[{\"@type\":\"WebPage\",\"@id\":\"https:\/\/divercuinadelaterreta.com\/escoleta-divercuina\/\",\"url\":\"https:\/\/divercuinadelaterreta.com\/escoleta-divercuina\/\",\"name\":\"Divercuina de la Terreta | Escoleta divercuina\",\"isPartOf\":{\"@id\":\"https:\/\/divercuinadelaterreta.com\/#website\"},\"datePublished\":\"2023-05-18T18:01:04+00:00\",\"dateModified\":\"2023-09-04T16:12:25+00:00\",\"breadcrumb\":{\"@id\":\"https:\/\/divercuinadelaterreta.com\/escoleta-divercuina\/#breadcrumb\"},\"inLanguage\":\"va\",\"potentialAction\":[{\"@type\":\"ReadAction\",\"target\":[\"https:\/\/divercuinadelaterreta.com\/escoleta-divercuina\/\"]}]},{\"@type\":\"BreadcrumbList\",\"@id\":\"https:\/\/divercuinadelaterreta.com\/escoleta-divercuina\/#breadcrumb\",\"itemListElement\":[{\"@type\":\"ListItem\",\"position\":1,\"name\":\"Portada\",\"item\":\"https:\/\/divercuinadelaterreta.com\/\"},{\"@type\":\"ListItem\",\"position\":2,\"name\":\"Escoleta divercuina\"}]},{\"@type\":\"WebSite\",\"@id\":\"https:\/\/divercuinadelaterreta.com\/#website\",\"url\":\"https:\/\/divercuinadelaterreta.com\/\",\"name\":\"Divercuina de la Terreta\",\"description\":\"Divercuina de la Terreta\",\"publisher\":{\"@id\":\"https:\/\/divercuinadelaterreta.com\/#organization\"},\"potentialAction\":[{\"@type\":\"SearchAction\",\"target\":{\"@type\":\"EntryPoint\",\"urlTemplate\":\"https:\/\/divercuinadelaterreta.com\/?s={search_term_string}\"},\"query-input\":\"required name=search_term_string\"}],\"inLanguage\":\"va\"},{\"@type\":\"Organization\",\"@id\":\"https:\/\/divercuinadelaterreta.com\/#organization\",\"name\":\"Divercuina de la Terreta\",\"url\":\"https:\/\/divercuinadelaterreta.com\/\",\"logo\":{\"@type\":\"ImageObject\",\"inLanguage\":\"va\",\"@id\":\"https:\/\/divercuinadelaterreta.com\/#\/schema\/logo\/image\/\",\"url\":\"https:\/\/divercuinadelaterreta.com\/wp-content\/uploads\/2023\/05\/DivercuinaDeLaTerreta.jpg\",\"contentUrl\":\"https:\/\/divercuinadelaterreta.com\/wp-content\/uploads\/2023\/05\/DivercuinaDeLaTerreta.jpg\",\"width\":1200,\"height\":1200,\"caption\":\"Divercuina de la Terreta\"},\"image\":{\"@id\":\"https:\/\/divercuinadelaterreta.com\/#\/schema\/logo\/image\/\"},\"sameAs\":[\"https:\/\/www.facebook.com\/divercuinadelaterreta\/\"]}]}<\/script>\n<!-- \/ Yoast SEO plugin. -->","yoast_head_json":{"title":"Divercuina de la Terreta | Escoleta divercuina","robots":{"index":"index","follow":"follow","max-snippet":"max-snippet:-1","max-image-preview":"max-image-preview:large","max-video-preview":"max-video-preview:-1"},"canonical":"https:\/\/divercuinadelaterreta.com\/va\/escoleta-divercuina\/","og_locale":"en_US","og_type":"article","og_title":"Divercuina de la Terreta | Escoleta divercuina","og_url":"https:\/\/divercuinadelaterreta.com\/va\/escoleta-divercuina\/","og_site_name":"Divercuina de la Terreta","article_publisher":"https:\/\/www.facebook.com\/divercuinadelaterreta\/","article_modified_time":"2023-09-04T16:12:25+00:00","og_image":[{"width":1200,"height":1000,"url":"https:\/\/divercuinadelaterreta.com\/wp-content\/uploads\/2023\/05\/Divercuina-De-La-Terreta.jpg","type":"image\/jpeg"}],"twitter_card":"summary_large_image","twitter_misc":{"Est. reading time":"1 minute"},"schema":{"@context":"https:\/\/schema.org","@graph":[{"@type":"WebPage","@id":"https:\/\/divercuinadelaterreta.com\/escoleta-divercuina\/","url":"https:\/\/divercuinadelaterreta.com\/escoleta-divercuina\/","name":"Divercuina de la Terreta | Escoleta divercuina","isPartOf":{"@id":"https:\/\/divercuinadelaterreta.com\/#website"},"datePublished":"2023-05-18T18:01:04+00:00","dateModified":"2023-09-04T16:12:25+00:00","breadcrumb":{"@id":"https:\/\/divercuinadelaterreta.com\/escoleta-divercuina\/#breadcrumb"},"inLanguage":"va","potentialAction":[{"@type":"ReadAction","target":["https:\/\/divercuinadelaterreta.com\/escoleta-divercuina\/"]}]},{"@type":"BreadcrumbList","@id":"https:\/\/divercuinadelaterreta.com\/escoleta-divercuina\/#breadcrumb","itemListElement":[{"@type":"ListItem","position":1,"name":"Portada","item":"https:\/\/divercuinadelaterreta.com\/"},{"@type":"ListItem","position":2,"name":"Escoleta divercuina"}]},{"@type":"WebSite","@id":"https:\/\/divercuinadelaterreta.com\/#website","url":"https:\/\/divercuinadelaterreta.com\/","name":"Divercuina de la Terreta","description":"Divercuina de la Terreta","publisher":{"@id":"https:\/\/divercuinadelaterreta.com\/#organization"},"potentialAction":[{"@type":"SearchAction","target":{"@type":"EntryPoint","urlTemplate":"https:\/\/divercuinadelaterreta.com\/?s={search_term_string}"},"query-input":"required name=search_term_string"}],"inLanguage":"va"},{"@type":"Organization","@id":"https:\/\/divercuinadelaterreta.com\/#organization","name":"Divercuina de la Terreta","url":"https:\/\/divercuinadelaterreta.com\/","logo":{"@type":"ImageObject","inLanguage":"va","@id":"https:\/\/divercuinadelaterreta.com\/#\/schema\/logo\/image\/","url":"https:\/\/divercuinadelaterreta.com\/wp-content\/uploads\/2023\/05\/DivercuinaDeLaTerreta.jpg","contentUrl":"https:\/\/divercuinadelaterreta.com\/wp-content\/uploads\/2023\/05\/DivercuinaDeLaTerreta.jpg","width":1200,"height":1200,"caption":"Divercuina de la Terreta"},"image":{"@id":"https:\/\/divercuinadelaterreta.com\/#\/schema\/logo\/image\/"},"sameAs":["https:\/\/www.facebook.com\/divercuinadelaterreta\/"]}]}},"_links":{"self":[{"href":"https:\/\/divercuinadelaterreta.com\/va\/wp-json\/wp\/v2\/pages\/414","targetHints":{"allow":["GET"]}}],"collection":[{"href":"https:\/\/divercuinadelaterreta.com\/va\/wp-json\/wp\/v2\/pages"}],"about":[{"href":"https:\/\/divercuinadelaterreta.com\/va\/wp-json\/wp\/v2\/types\/page"}],"author":[{"embeddable":true,"href":"https:\/\/divercuinadelaterreta.com\/va\/wp-json\/wp\/v2\/users\/4"}],"replies":[{"embeddable":true,"href":"https:\/\/divercuinadelaterreta.com\/va\/wp-json\/wp\/v2\/comments?post=414"}],"version-history":[{"count":11,"href":"https:\/\/divercuinadelaterreta.com\/va\/wp-json\/wp\/v2\/pages\/414\/revisions"}],"predecessor-version":[{"id":537,"href":"https:\/\/divercuinadelaterreta.com\/va\/wp-json\/wp\/v2\/pages\/414\/revisions\/537"}],"wp:featuredmedia":[{"embeddable":true,"href":"https:\/\/divercuinadelaterreta.com\/va\/wp-json\/wp\/v2\/media\/502"}],"wp:attachment":[{"href":"https:\/\/divercuinadelaterreta.com\/va\/wp-json\/wp\/v2\/media?parent=414"}],"curies":[{"name":"wp","href":"https:\/\/api.w.org\/{rel}","templated":true}]}}