{"id":418,"date":"2023-05-18T18:01:43","date_gmt":"2023-05-18T18:01:43","guid":{"rendered":"https:\/\/divercuinadelaterreta.com\/?page_id=418"},"modified":"2024-09-03T01:09:43","modified_gmt":"2024-09-02T23:09:43","slug":"inscripciones","status":"publish","type":"page","link":"https:\/\/divercuinadelaterreta.com\/va\/inscripciones\/","title":{"rendered":"Inscripcions"},"content":{"rendered":"<section class=\"l-section wpb_row us_custom_a518f36e us_animate_this height_large with_img parallax_ver with_shape\"><div class=\"l-section-img\" data-img-width=\"2048\" data-img-height=\"1448\" style=\"background-image: url(https:\/\/divercuinadelaterreta.com\/wp-content\/uploads\/2023\/05\/cover-01.webp);background-repeat: no-repeat;\"><\/div><div class=\"l-section-overlay\" style=\"background:rgba(0,0,0,0.35)\"><\/div><div class=\"l-section-shape type_custom pos_bottom\" style=\"height:7vh;\"><img loading=\"lazy\" decoding=\"async\" width=\"2560\" height=\"140\" src=\"https:\/\/divercuinadelaterreta.com\/wp-content\/uploads\/2023\/05\/divider.png\" class=\"attachment-full size-full\" alt=\"\" srcset=\"https:\/\/divercuinadelaterreta.com\/wp-content\/uploads\/2023\/05\/divider.png 2560w, https:\/\/divercuinadelaterreta.com\/wp-content\/uploads\/2023\/05\/divider-300x16.png 300w, https:\/\/divercuinadelaterreta.com\/wp-content\/uploads\/2023\/05\/divider-1024x56.png 1024w\" sizes=\"auto, (max-width: 2560px) 100vw, 2560px\" \/><\/div><div class=\"l-section-h i-cf\"><div class=\"g-cols vc_row via_flex valign_top type_default stacking_default\"><div class=\"vc_col-sm-12 wpb_column vc_column_container\"><div class=\"vc_column-inner\"><div class=\"wpb_wrapper\"><div class=\"w-separator hide_on_default hide_on_laptops size_medium\"><\/div><h2 class=\"w-post-elm post_title us_custom_26e31814 has_text_color us_animate_this align_center entry-title color_link_inherit\">Inscripcions<\/h2><ol class=\"g-breadcrumbs us_custom_77053da8 has_text_color us_animate_this separator_icon align_center\" itemscope itemtype=\"http:\/\/schema.org\/BreadcrumbList\"><li class=\"g-breadcrumbs-item\" itemscope itemprop=\"itemListElement\" itemtype=\"http:\/\/schema.org\/ListItem\"><a itemprop=\"item\" href=\"https:\/\/divercuinadelaterreta.com\/va\/\"><span itemprop=\"name\">Home<\/span><\/a><meta itemprop=\"position\" content=\"1\"\/><\/li><li class=\"g-breadcrumbs-separator\"><i class=\"far fa-angle-right\"><\/i><\/li><li class=\"g-breadcrumbs-item\">Pages<\/li><\/ol><div class=\"w-separator hide_on_default hide_on_laptops size_medium\"><\/div><\/div><\/div><\/div><\/div><\/div><\/section><section class=\"l-section wpb_row height_large\"><div class=\"l-section-h i-cf\"><div class=\"g-cols vc_row via_flex valign_top type_default stacking_default\"><div class=\"vc_col-sm-12 wpb_column vc_column_container\"><div class=\"vc_column-inner\"><div class=\"wpb_wrapper\"><div class=\"w-separator hide_on_default hide_on_laptops size_medium\"><\/div><div class=\"g-cols wpb_row via_flex valign_top type_default stacking_default\"><div class=\"vc_col-sm-4 wpb_column vc_column_container\"><div class=\"vc_column-inner us_custom_4ef5d869 us_animate_this\"><div class=\"wpb_wrapper\"><div class=\"w-separator hide_on_tablets hide_on_mobiles size_large\"><\/div><div class=\"w-vwrapper align_none valign_middle\" style=\"--vwrapper-gap:1rem\"><div class=\"w-btn-wrapper align_none\"><a class=\"w-btn us-btn-style_3\" href=\"#\"><span class=\"w-btn-label\">Inscripci\u00f3<\/span><\/a><\/div><div class=\"wpb_text_column us_custom_60939a47 has_text_color\"><div class=\"wpb_wrapper\"><p>Participa i apr\u00e8n<\/p>\n<\/div><\/div><\/div><div class=\"w-separator size_small\"><\/div><div class=\"wpb_text_column\"><div class=\"wpb_wrapper\"><p>Per a participar \u00e9s necessari inscriure's pr\u00e8viament a trav\u00e9s del correu electr\u00f2nic. El termini ja est\u00e0 obert. T'esperem!<\/p>\n<\/div><\/div><div class=\"w-separator size_small\"><\/div><div class=\"w-iconbox iconpos_left style_circle color_primary align_left no_text\"><a href=\"mailto:divercuinadelaterreta@gmail.com\" class=\"w-iconbox-link\" aria-label=\"divercuinadelaterreta@gmail.com\"><div class=\"w-iconbox-icon\" style=\"font-size:1.2rem;\"><i class=\"fal fa-envelope\"><\/i><\/div><\/a><div class=\"w-iconbox-meta\"><a href=\"mailto:divercuinadelaterreta@gmail.com\" class=\"w-iconbox-link\" aria-label=\"divercuinadelaterreta@gmail.com\"><p class=\"w-iconbox-title\">divercuinadelaterreta@gmail.com<\/p><\/a><\/div><\/div><\/div><\/div><\/div><div class=\"vc_col-sm-8 wpb_column vc_column_container\"><div class=\"vc_column-inner us_custom_3e9d1bc9 us_animate_this\"><div class=\"wpb_wrapper\"><div class=\"w-html\"><iframe src=\"https:\/\/www.google.com\/maps\/embed?pb=!1m18!1m12!1m3!1d1520.5236581015972!2d-1.1073839648487867!3d40.34129636022875!2m3!1f0!2f0!3f0!3m2!1i1024!2i768!4f13.1!3m3!1m2!1s0xd5e73062f9e3e03%3A0xe1ac12a2b20a5161!2sC.%20San%20Andr%C3%A9s%2C%207%2C%2044001%20Teruel%2C%20Espa%C3%B1a!5e0!3m2!1ses-419!2smx!4v1725318497516!5m2!1ses-419!2smx\" width=\"100%\" height=\"400\" style=\"border:0;\" allowfullscreen=\"\" loading=\"lazy\" referrerpolicy=\"no-referrer-when-downgrade\"><\/iframe><\/div><\/div><\/div><\/div><\/div><div class=\"w-separator hide_on_default hide_on_laptops size_medium\"><\/div><\/div><\/div><\/div><\/div><\/div><\/section>","protected":false},"excerpt":{"rendered":"InscripcionesHomePagesInscripci\u00f3nParticipa y aprende Para participar es necesario inscribirse previamente a trav\u00e9s del correo. El plazo ya est\u00e1 abierto \u00a1Te esperamos! divercuinadelaterreta@gmail.com","protected":false},"author":4,"featured_media":502,"parent":0,"menu_order":0,"comment_status":"closed","ping_status":"closed","template":"","meta":{"footnotes":""},"class_list":["post-418","page","type-page","status-publish","has-post-thumbnail","hentry"],"yoast_head":"<!-- This site is optimized with the Yoast SEO plugin v21.1 - https:\/\/yoast.com\/wordpress\/plugins\/seo\/ -->\n<title>Divercuina de la Terreta | Inscripciones<\/title>\n<meta name=\"robots\" content=\"index, follow, max-snippet:-1, max-image-preview:large, max-video-preview:-1\" \/>\n<link rel=\"canonical\" href=\"https:\/\/divercuinadelaterreta.com\/va\/inscripciones\/\" \/>\n<meta property=\"og:locale\" content=\"en_US\" \/>\n<meta property=\"og:type\" content=\"article\" \/>\n<meta property=\"og:title\" content=\"Divercuina de la Terreta | Inscripciones\" \/>\n<meta property=\"og:url\" content=\"https:\/\/divercuinadelaterreta.com\/va\/inscripciones\/\" \/>\n<meta property=\"og:site_name\" content=\"Divercuina de la Terreta\" \/>\n<meta property=\"article:publisher\" content=\"https:\/\/www.facebook.com\/divercuinadelaterreta\/\" \/>\n<meta property=\"article:modified_time\" content=\"2024-09-02T23:09:43+00:00\" \/>\n<meta property=\"og:image\" content=\"https:\/\/divercuinadelaterreta.com\/wp-content\/uploads\/2023\/05\/Divercuina-De-La-Terreta.jpg\" \/>\n\t<meta property=\"og:image:width\" content=\"1200\" \/>\n\t<meta property=\"og:image:height\" content=\"1000\" \/>\n\t<meta property=\"og:image:type\" content=\"image\/jpeg\" \/>\n<meta name=\"twitter:card\" content=\"summary_large_image\" \/>\n<meta name=\"twitter:label1\" content=\"Est. reading time\" \/>\n\t<meta name=\"twitter:data1\" content=\"1 minute\" \/>\n<script type=\"application\/ld+json\" class=\"yoast-schema-graph\">{\"@context\":\"https:\/\/schema.org\",\"@graph\":[{\"@type\":\"WebPage\",\"@id\":\"https:\/\/divercuinadelaterreta.com\/inscripciones\/\",\"url\":\"https:\/\/divercuinadelaterreta.com\/inscripciones\/\",\"name\":\"Divercuina de la Terreta | Inscripciones\",\"isPartOf\":{\"@id\":\"https:\/\/divercuinadelaterreta.com\/#website\"},\"datePublished\":\"2023-05-18T18:01:43+00:00\",\"dateModified\":\"2024-09-02T23:09:43+00:00\",\"breadcrumb\":{\"@id\":\"https:\/\/divercuinadelaterreta.com\/inscripciones\/#breadcrumb\"},\"inLanguage\":\"va\",\"potentialAction\":[{\"@type\":\"ReadAction\",\"target\":[\"https:\/\/divercuinadelaterreta.com\/inscripciones\/\"]}]},{\"@type\":\"BreadcrumbList\",\"@id\":\"https:\/\/divercuinadelaterreta.com\/inscripciones\/#breadcrumb\",\"itemListElement\":[{\"@type\":\"ListItem\",\"position\":1,\"name\":\"Portada\",\"item\":\"https:\/\/divercuinadelaterreta.com\/\"},{\"@type\":\"ListItem\",\"position\":2,\"name\":\"Inscripciones\"}]},{\"@type\":\"WebSite\",\"@id\":\"https:\/\/divercuinadelaterreta.com\/#website\",\"url\":\"https:\/\/divercuinadelaterreta.com\/\",\"name\":\"Divercuina de la Terreta\",\"description\":\"Divercuina de la Terreta\",\"publisher\":{\"@id\":\"https:\/\/divercuinadelaterreta.com\/#organization\"},\"potentialAction\":[{\"@type\":\"SearchAction\",\"target\":{\"@type\":\"EntryPoint\",\"urlTemplate\":\"https:\/\/divercuinadelaterreta.com\/?s={search_term_string}\"},\"query-input\":\"required name=search_term_string\"}],\"inLanguage\":\"va\"},{\"@type\":\"Organization\",\"@id\":\"https:\/\/divercuinadelaterreta.com\/#organization\",\"name\":\"Divercuina de la Terreta\",\"url\":\"https:\/\/divercuinadelaterreta.com\/\",\"logo\":{\"@type\":\"ImageObject\",\"inLanguage\":\"va\",\"@id\":\"https:\/\/divercuinadelaterreta.com\/#\/schema\/logo\/image\/\",\"url\":\"https:\/\/divercuinadelaterreta.com\/wp-content\/uploads\/2023\/05\/DivercuinaDeLaTerreta.jpg\",\"contentUrl\":\"https:\/\/divercuinadelaterreta.com\/wp-content\/uploads\/2023\/05\/DivercuinaDeLaTerreta.jpg\",\"width\":1200,\"height\":1200,\"caption\":\"Divercuina de la Terreta\"},\"image\":{\"@id\":\"https:\/\/divercuinadelaterreta.com\/#\/schema\/logo\/image\/\"},\"sameAs\":[\"https:\/\/www.facebook.com\/divercuinadelaterreta\/\"]}]}<\/script>\n<!-- \/ Yoast SEO plugin. -->","yoast_head_json":{"title":"Divercuina de la Terreta | Inscripciones","robots":{"index":"index","follow":"follow","max-snippet":"max-snippet:-1","max-image-preview":"max-image-preview:large","max-video-preview":"max-video-preview:-1"},"canonical":"https:\/\/divercuinadelaterreta.com\/va\/inscripciones\/","og_locale":"en_US","og_type":"article","og_title":"Divercuina de la Terreta | Inscripciones","og_url":"https:\/\/divercuinadelaterreta.com\/va\/inscripciones\/","og_site_name":"Divercuina de la Terreta","article_publisher":"https:\/\/www.facebook.com\/divercuinadelaterreta\/","article_modified_time":"2024-09-02T23:09:43+00:00","og_image":[{"width":1200,"height":1000,"url":"https:\/\/divercuinadelaterreta.com\/wp-content\/uploads\/2023\/05\/Divercuina-De-La-Terreta.jpg","type":"image\/jpeg"}],"twitter_card":"summary_large_image","twitter_misc":{"Est. reading time":"1 minute"},"schema":{"@context":"https:\/\/schema.org","@graph":[{"@type":"WebPage","@id":"https:\/\/divercuinadelaterreta.com\/inscripciones\/","url":"https:\/\/divercuinadelaterreta.com\/inscripciones\/","name":"Divercuina de la Terreta | Inscripciones","isPartOf":{"@id":"https:\/\/divercuinadelaterreta.com\/#website"},"datePublished":"2023-05-18T18:01:43+00:00","dateModified":"2024-09-02T23:09:43+00:00","breadcrumb":{"@id":"https:\/\/divercuinadelaterreta.com\/inscripciones\/#breadcrumb"},"inLanguage":"va","potentialAction":[{"@type":"ReadAction","target":["https:\/\/divercuinadelaterreta.com\/inscripciones\/"]}]},{"@type":"BreadcrumbList","@id":"https:\/\/divercuinadelaterreta.com\/inscripciones\/#breadcrumb","itemListElement":[{"@type":"ListItem","position":1,"name":"Portada","item":"https:\/\/divercuinadelaterreta.com\/"},{"@type":"ListItem","position":2,"name":"Inscripciones"}]},{"@type":"WebSite","@id":"https:\/\/divercuinadelaterreta.com\/#website","url":"https:\/\/divercuinadelaterreta.com\/","name":"Divercuina de la Terreta","description":"Divercuina de la Terreta","publisher":{"@id":"https:\/\/divercuinadelaterreta.com\/#organization"},"potentialAction":[{"@type":"SearchAction","target":{"@type":"EntryPoint","urlTemplate":"https:\/\/divercuinadelaterreta.com\/?s={search_term_string}"},"query-input":"required name=search_term_string"}],"inLanguage":"va"},{"@type":"Organization","@id":"https:\/\/divercuinadelaterreta.com\/#organization","name":"Divercuina de la Terreta","url":"https:\/\/divercuinadelaterreta.com\/","logo":{"@type":"ImageObject","inLanguage":"va","@id":"https:\/\/divercuinadelaterreta.com\/#\/schema\/logo\/image\/","url":"https:\/\/divercuinadelaterreta.com\/wp-content\/uploads\/2023\/05\/DivercuinaDeLaTerreta.jpg","contentUrl":"https:\/\/divercuinadelaterreta.com\/wp-content\/uploads\/2023\/05\/DivercuinaDeLaTerreta.jpg","width":1200,"height":1200,"caption":"Divercuina de la Terreta"},"image":{"@id":"https:\/\/divercuinadelaterreta.com\/#\/schema\/logo\/image\/"},"sameAs":["https:\/\/www.facebook.com\/divercuinadelaterreta\/"]}]}},"_links":{"self":[{"href":"https:\/\/divercuinadelaterreta.com\/va\/wp-json\/wp\/v2\/pages\/418","targetHints":{"allow":["GET"]}}],"collection":[{"href":"https:\/\/divercuinadelaterreta.com\/va\/wp-json\/wp\/v2\/pages"}],"about":[{"href":"https:\/\/divercuinadelaterreta.com\/va\/wp-json\/wp\/v2\/types\/page"}],"author":[{"embeddable":true,"href":"https:\/\/divercuinadelaterreta.com\/va\/wp-json\/wp\/v2\/users\/4"}],"replies":[{"embeddable":true,"href":"https:\/\/divercuinadelaterreta.com\/va\/wp-json\/wp\/v2\/comments?post=418"}],"version-history":[{"count":11,"href":"https:\/\/divercuinadelaterreta.com\/va\/wp-json\/wp\/v2\/pages\/418\/revisions"}],"predecessor-version":[{"id":549,"href":"https:\/\/divercuinadelaterreta.com\/va\/wp-json\/wp\/v2\/pages\/418\/revisions\/549"}],"wp:featuredmedia":[{"embeddable":true,"href":"https:\/\/divercuinadelaterreta.com\/va\/wp-json\/wp\/v2\/media\/502"}],"wp:attachment":[{"href":"https:\/\/divercuinadelaterreta.com\/va\/wp-json\/wp\/v2\/media?parent=418"}],"curies":[{"name":"wp","href":"https:\/\/api.w.org\/{rel}","templated":true}]}}